{"id":328,"date":"2024-04-05T21:30:59","date_gmt":"2024-04-05T19:30:59","guid":{"rendered":"https:\/\/plantillas-gobbo-preview-wp.demo.agetic.gob.bo\/?page_id=328"},"modified":"2025-09-28T12:50:27","modified_gmt":"2025-09-28T16:50:27","slug":"descripcion-de-los-objetivos-y-funciones-principales-de-la-entidad-2","status":"publish","type":"page","link":"https:\/\/covipol.gob.bo\/index.php\/descripcion-de-los-objetivos-y-funciones-principales-de-la-entidad-2\/","title":{"rendered":"OBJETIVO GENERAL"},"content":{"rendered":"\n<p class=\"has-medium-font-size\">COVIPOL requiere poner en marcha un proceso de fortalecimiento de su gesti\u00f3n y una transformaci\u00f3n integral para enfrentar los desaf\u00edos que se le presentan, generando innovaci\u00f3n constante para el cumplimiento de sus metas.<\/p>\n\n\n\n<h2 class=\"wp-block-heading\">OBJETIVOS ESPEC\u00cdFICOS<\/h2>\n\n\n\n<ul class=\"wp-block-list\">\n<li class=\"has-medium-font-size\">Actualizar el marco normativo jur\u00eddico legal y t\u00e9cnico bajo lineamientos de instituci\u00f3n p\u00fablica descentralizada.<\/li>\n\n\n\n<li class=\"has-medium-font-size\">Fortalecer la capacidad operativa y orientada a una gesti\u00f3n eficiente y eficaz al servicio de las necesidades de sus afiliados actuales y potenciales y de las pol\u00edticas p\u00fablicas del sector vivienda.<\/li>\n\n\n\n<li class=\"has-medium-font-size\">Desarrollar e implantar una gesti\u00f3n estrat\u00e9gica de recursos humanos y de desarrollo del talento humano con base en competencias clave.<\/li>\n\n\n\n<li class=\"has-medium-font-size\">Desarrollar e implantar tecnolog\u00edas y sistemas inform\u00e1ticos que apoyen la gesti\u00f3n institucional, la implantaci\u00f3n de controles internos y de los procesos crediticios.<\/li>\n\n\n\n<li class=\"has-medium-font-size\">Fortalecer de la Gesti\u00f3n financiera y saneamiento de las finanzas.<\/li>\n\n\n\n<li class=\"has-medium-font-size\">Posicionar la imagen, confianza y credibilidad en COVIPOL.<\/li>\n<\/ul>\n\n\n\n<p><\/p>\n\n\n\n<ul class=\"wp-block-list\"><\/ul>\n\n\n\n<p>&nbsp;<\/p>\n","protected":false},"excerpt":{"rendered":"<p>COVIPOL requiere poner en marcha un proceso de fortalecimiento de su gesti\u00f3n y una transformaci\u00f3n integral para enfrentar los desaf\u00edos que se le presentan, generando innovaci\u00f3n constante para el cumplimiento de sus metas. OBJETIVOS ESPEC\u00cdFICOS &nbsp;<\/p>\n","protected":false},"author":1,"featured_media":0,"parent":0,"menu_order":0,"comment_status":"closed","ping_status":"closed","template":"","meta":{"_acf_changed":false,"footnotes":""},"class_list":["post-328","page","type-page","status-publish","hentry"],"acf":[],"_links":{"self":[{"href":"https:\/\/covipol.gob.bo\/index.php\/wp-json\/wp\/v2\/pages\/328","targetHints":{"allow":["GET"]}}],"collection":[{"href":"https:\/\/covipol.gob.bo\/index.php\/wp-json\/wp\/v2\/pages"}],"about":[{"href":"https:\/\/covipol.gob.bo\/index.php\/wp-json\/wp\/v2\/types\/page"}],"author":[{"embeddable":true,"href":"https:\/\/covipol.gob.bo\/index.php\/wp-json\/wp\/v2\/users\/1"}],"replies":[{"embeddable":true,"href":"https:\/\/covipol.gob.bo\/index.php\/wp-json\/wp\/v2\/comments?post=328"}],"version-history":[{"count":16,"href":"https:\/\/covipol.gob.bo\/index.php\/wp-json\/wp\/v2\/pages\/328\/revisions"}],"predecessor-version":[{"id":17464,"href":"https:\/\/covipol.gob.bo\/index.php\/wp-json\/wp\/v2\/pages\/328\/revisions\/17464"}],"wp:attachment":[{"href":"https:\/\/covipol.gob.bo\/index.php\/wp-json\/wp\/v2\/media?parent=328"}],"curies":[{"name":"wp","href":"https:\/\/api.w.org\/{rel}","templated":true}]}}